{"id":151,"date":"2024-10-08T11:46:28","date_gmt":"2024-10-08T17:46:28","guid":{"rendered":"http:\/\/www.bayerdigital.com.mx\/prueba\/?page_id=151"},"modified":"2024-10-12T12:22:58","modified_gmt":"2024-10-12T18:22:58","slug":"politica-de-privacidad","status":"publish","type":"page","link":"http:\/\/www.bayerdigital.com.mx\/prueba\/politica-de-privacidad\/","title":{"rendered":"Pol\u00edtica de Privacidad"},"content":{"rendered":"[vc_row type=\u00bbin_container\u00bb full_screen_row_position=\u00bbmiddle\u00bb column_margin=\u00bbdefault\u00bb column_direction=\u00bbdefault\u00bb column_direction_tablet=\u00bbdefault\u00bb column_direction_phone=\u00bbdefault\u00bb scene_position=\u00bbcenter\u00bb text_color=\u00bbdark\u00bb text_align=\u00bbleft\u00bb row_border_radius=\u00bbnone\u00bb row_border_radius_applies=\u00bbbg\u00bb overflow=\u00bbvisible\u00bb overlay_strength=\u00bb0.3&#8243; gradient_direction=\u00bbleft_to_right\u00bb shape_divider_position=\u00bbbottom\u00bb bg_image_animation=\u00bbnone\u00bb][vc_column column_padding=\u00bbno-extra-padding\u00bb column_padding_tablet=\u00bbinherit\u00bb column_padding_phone=\u00bbinherit\u00bb column_padding_position=\u00bball\u00bb column_element_direction_desktop=\u00bbdefault\u00bb column_element_spacing=\u00bbdefault\u00bb desktop_text_alignment=\u00bbdefault\u00bb tablet_text_alignment=\u00bbdefault\u00bb phone_text_alignment=\u00bbdefault\u00bb background_color_opacity=\u00bb1&#8243; background_hover_color_opacity=\u00bb1&#8243; column_backdrop_filter=\u00bbnone\u00bb column_shadow=\u00bbnone\u00bb column_border_radius=\u00bbnone\u00bb column_link_target=\u00bb_self\u00bb column_position=\u00bbdefault\u00bb gradient_direction=\u00bbleft_to_right\u00bb overlay_strength=\u00bb0.3&#8243; width=\u00bb1\/1&#8243; tablet_width_inherit=\u00bbdefault\u00bb animation_type=\u00bbdefault\u00bb bg_image_animation=\u00bbnone\u00bb border_type=\u00bbsimple\u00bb column_border_width=\u00bbnone\u00bb column_border_style=\u00bbsolid\u00bb][divider line_type=\u00bbNo Line\u00bb custom_height=\u00bb12&#8243;][nectar_responsive_text font_size_min=\u00bb18&#8243; font_size_max=\u00bb36&#8243; text_direction=\u00bbdefault\u00bb]\n<p style=\"text-align: center;\"><span style=\"font-size: 32pt;\"><span style=\"font-size: 36pt;\">P<\/span><span style=\"font-size: 32pt;\">OL\u00cdTICA DE <span style=\"font-size: 36pt;\">P<\/span>RIVACIDAD<\/span><\/span><\/p>\n[\/nectar_responsive_text][divider line_type=\u00bbNo Line\u00bb custom_height=\u00bb12&#8243;][vc_column_text css_animation=\u00bbslideInUp\u00bb css=\u00bb\u00bb text_direction=\u00bbdefault\u00bb]Bayer de M\u00e9xico S.A. de C.V. (en adelante \u201c<strong>nosotros<\/strong>\u201d o \u201c<strong>Bayer<\/strong>\u201d) pone a su disposici\u00f3n el presente Aviso de Privacidad con la finalidad de darle a conocer el tratamiento que le dar\u00e1 a sus datos personales, de conformidad con las disposiciones de la Ley Federal de Protecci\u00f3n de Datos Personales en Posesi\u00f3n de los Particulares y su Reglamento (en adelante \u201cla Ley\u201d).<\/p>\n<h3>Identidad\u00a0y domicilio del responsable del tratamiento de sus datos personales<\/h3>\n<p>Bayer, con domicilio en Boulevard Miguel de Cervantes Saavedra 259, Colonia Granada, Alcald\u00eda Miguel Hidalgo, Ciudad de M\u00e9xico C.P. 11520 es responsable del tratamiento de los datos personales que nos proporcione.<\/p>\n<h3>Declaraci\u00f3n de Privacidad<\/h3>\n<p>Bayer est\u00e1 consciente que la seguridad de su informaci\u00f3n privada de uso en nuestra p\u00e1gina de Internet es un asunto importante. Tomamos seriamente la protecci\u00f3n de su informaci\u00f3n personal.\u00a0 Por lo tanto, queremos proporcionarle informaci\u00f3n sobre c\u00f3mo manejamos sus datos personales.<\/p>\n<p>El cumplimiento de las Leyes de Protecci\u00f3n de Datos es muy importante para Bayer y, en general, para todas las empresas del grupo Bayer. A menos de que se indique lo contrario en las siguientes secciones, la base legal para el manejo de sus datos personales resulta del hecho de que, para promover nuestros productos y brindarle nuestros servicios mediante este sitio web, es necesario la recopilaci\u00f3n de sus datos seg\u00fan se describir\u00e1 m\u00e1s adelante.<\/p>\n<h3>Recopilaci\u00f3n de datos<\/h3>\n<p>Bayer recopilar\u00e1 los siguientes datos personales: nombre completo, correo electr\u00f3nico y n\u00famero de tel\u00e9fono, los cuales son necesarios para brindarle (y mejorar) nuestros servicios, y para los fines que se describen en el presente Aviso de Privacidad y que usted acepta libremente y de manera informada, de conformidad con las disposiciones de la Ley Federal de Protecci\u00f3n de Datos Personales en Posesi\u00f3n de los Particulares y su reglamento. Nosotros recolectamos informaci\u00f3n personal directa que est\u00e9 expresamente indicada en nuestros sitios web a trav\u00e9s de formularios electr\u00f3nicos u otros formatos.<\/p>\n<h3>Finalidad de los datos<\/h3>\n<p>Los datos personales sobre usted que nosotros recopilamos se utilizar\u00e1n \u00fanicamente con el prop\u00f3sito de:<\/p>\n<ol>\n<li>Enviar comunicaciones m\u00e9dicas \/ de marketing<\/li>\n<\/ol>\n<p>Podemos utilizar su informaci\u00f3n de contacto para comunicarnos con usted a trav\u00e9s de correo electr\u00f3nico o mensajes de WhatsApp, con el fin de ofrecer comunicaciones m\u00e9dicas \/ de marketing. Podr\u00edamos utilizar comunicaciones de marketing \/ m\u00e9dicas para proporcionar informaci\u00f3n sobre servicios, productos o eventos relacionados con su inter\u00e9s m\u00e9dico o para recopilar comentarios sobre nuestros productos y servicios. Esto puede incluir mostrarle anuncios personalizados adaptados a sus intereses en nuestro o en otros sitios web y aplicaciones. Sin embargo, las comunicaciones m\u00e9dicas \/ de marketing por correo electr\u00f3nico, WhatsApp u otras comunicaciones electr\u00f3nicas (\u00abComunicaciones m\u00e9dicas \/ de marketing electr\u00f3nico\u00bb) est\u00e1n sujetas a que usted brinde su consentimiento.<\/p>\n<ol>\n<li>Analizar su uso de nuestras comunicaciones m\u00e9dicas \/ de marketing electr\u00f3nico<\/li>\n<\/ol>\n<p>Con el fin de personalizar nuestro Marketing electr\u00f3nico \/ Comunicaciones m\u00e9dicas para satisfacer sus necesidades y preferencias y sujeto a su consentimiento, analizamos su uso de nuestro Marketing electr\u00f3nico \/ Comunicaciones m\u00e9dicas, por ejemplo, si abri\u00f3 y c\u00f3mo utiliz\u00f3 nuestro Marketing electr\u00f3nico \/ Comunicaciones.<\/p>\n<h3>Transferencia de datos personales para el tratamiento por encargo<\/h3>\n<p>Para el procesamiento de sus datos utilizaremos, hasta cierto punto, proveedores de servicios especializados. Dichos proveedores de servicios son cuidadosamente seleccionados y monitoreados regularmente por nosotros. Con base en los respectivos acuerdos de procesamiento de datos, solo procesar\u00e1n los datos personales seg\u00fan nuestras instrucciones y estrictamente de acuerdo con nuestras directivas.<\/p>\n<h3>Conservaci\u00f3n de sus datos personales<\/h3>\n<p>Conservaremos su informaci\u00f3n durante el tiempo que necesitemos, para lograr los prop\u00f3sitos descritos en este aviso de privacidad y, seg\u00fan sea necesario, para cumplir con los requisitos de retenci\u00f3n legales y reglamentarios. Tambi\u00e9n conservaremos su informaci\u00f3n seg\u00fan sea necesario para cumplir con otras obligaciones legales que podamos tener, como en relaci\u00f3n con un litigio.<\/p>\n<h3>Informaci\u00f3n sobre sus derechos<\/h3>\n<p>El titular de datos personales, es decir, la persona f\u00edsica a la cual se refiere la informaci\u00f3n personal puede ejercer los derechos de acceso, rectificaci\u00f3n, cancelaci\u00f3n y oposici\u00f3n (derechos \u201cARCO\u201d) respecto a sus datos personales:<\/p>\n<ul>\n<li>Derecho de acceso a la informaci\u00f3n sobre sus datos personales almacenados por<\/li>\n<li>Derecho a solicitar la consulta, correcci\u00f3n, supresi\u00f3n o tratamiento restringido de sus datos<\/li>\n<li>Derecho a oponerse a un tratamiento por motivos de nuestro propio inter\u00e9s leg\u00edtimo, inter\u00e9s p\u00fablico o elaboraci\u00f3n de perfiles, a menos de que podamos demostrar que existen razones imperiosas y justificadas que reemplazan sus intereses,<\/li>\n<li>Derecho a presentar una queja ante una autoridad de protecci\u00f3n de datos, en caso de existir.<\/li>\n<li>En cualquier momento, con efecto futuro, usted puede retirar su consentimiento para la recopilaci\u00f3n, el tratamiento y el uso de sus datos personales. Adem\u00e1s, cada comunicaci\u00f3n m\u00e9dica \/ de marketing electr\u00f3nico que le enviamos incluye una opci\u00f3n para que pueda retirar f\u00e1cilmente su consentimiento, haciendo clic en un enlace para darse de<\/li>\n<\/ul>\n<h3><strong>Contacto de privacidad<\/strong><\/h3>\n<p>Para cualquier consulta que pueda tener con respecto a la privacidad de los datos o para ejercer alguno de sus derechos, por favor comun\u00edquese con el Departamento de Protecci\u00f3n de Datos de Bayer ubicado en Boulevard Miguel de Cervantes Saavedra 259, Colonia Granada, Alcald\u00eda Miguel Hidalgo, Ciudad de M\u00e9xico C.P. 11520, o al siguiente correo electr\u00f3nico: <u><a href=\"mailto:data.protectionmx@bayer.com\">data.protectionmx@bayer.com<\/a><\/u><\/p>\n<p><strong>\u00a0<\/strong><strong>Modificaciones al Aviso de Privacidad<\/strong><\/p>\n<p>Bayer se reserva el derecho de enmendar o modificar el presente Aviso de Privacidad cuando estime conveniente, por ejemplo, para cumplir con cambios a la legislaci\u00f3n o cumplir con disposiciones internas de Bayer. Bayer pondr\u00e1 a su disposici\u00f3n el Aviso de Privacidad actualizado en el sitio web\u00a0<u><a href=\"https:\/\/www.bayer.com\/es\/mx\/mexico-home\">www.bayer.mx<\/a><\/u>.<\/p>\n<p><span style=\"font-size: 14pt;\"><em><strong>\u00daltima actualizaci\u00f3n: marzo 2023<\/strong><\/em><\/span>[\/vc_column_text][divider line_type=\u00bbNo Line\u00bb custom_height=\u00bb66&#8243;][nectar_responsive_text font_size_min=\u00bb18&#8243; font_size_max=\u00bb30&#8243; text_direction=\u00bbdefault\u00bb]\n<p style=\"text-align: center;\"><span style=\"font-size: 32pt;\"><span style=\"font-size: 36pt;\">T<\/span><span style=\"font-size: 32pt;\">\u00c9RMINOS Y <span style=\"font-size: 36pt;\">C<\/span>ONDICIONES<\/span><\/span><\/p>\n[\/nectar_responsive_text][divider line_type=\u00bbNo Line\u00bb custom_height=\u00bb12&#8243;][vc_column_text css_animation=\u00bbslideInUp\u00bb css=\u00bb\u00bb text_direction=\u00bbdefault\u00bb]\n<h3><strong>Condiciones de uso<\/strong><\/h3>\n<p>El acceso y uso de este sitio web est\u00e1n sujetos a las siguientes condiciones. No utilice este sitio web a menos que est\u00e9 de acuerdo con ellas. Este sitio web ha sido desarrollado por Bayer AG (en adelante, BAYER) y es administrado por la misma. Nos reservamos el derecho de interrumpir o realizar modificaciones parciales o totales en este sitio web o en las Condiciones generales de uso, en nuestros T\u00e9rminos y condiciones generales y en nuestras Condiciones de venta y entrega. Tenga en cuenta que podemos realizar dichos cambios a nuestra propia discreci\u00f3n y sin previo aviso. Por lo tanto, le rogamos que, la pr\u00f3xima vez que visite este sitio web, vuelva a consultar las condiciones y tome nota de los cambios o modificaciones que se hayan realizado.<\/p>\n<h3>Renuncia al uso y al beneficio<\/h3>\n<p>Todos los detalles, documentos e ilustraciones publicados en este sitio web son propiedad exclusiva de BAYER. El permiso para utilizarlos se concede siempre que se incluya la nota de copyright correspondiente en todas las copias, que dichos datos se utilicen \u00fanicamente con fines personales, que no se exploten con fines comerciales, que no se modifiquen de ning\u00fan modo y que todas las ilustraciones obtenidas del sitio web se utilicen \u00fanicamente en combinaci\u00f3n con el texto que las acompa\u00f1a.<\/p>\n<p>No obstante lo anterior, para la descarga de infograf\u00edas en http:\/\/www.research.bayer.com se aplica lo siguiente: Se permite el uso sin fines lucrativos mencionando \u00abresearch \u2013 la revista cient\u00edfica de Bayer\u00bb como fuente. Se proh\u00edbe la reventa a terceros.<\/p>\n<h3>Marcas comerciales y derechos de autor<\/h3>\n<p>Todas las marcas comerciales de este sitio web son propiedad de Bayer, a menos que se indique lo contrario o se considere de alg\u00fan otro modo que son derechos de terceros. Cualquier uso no autorizado de estas marcas comerciales u otros materiales est\u00e1 expresamente prohibido y constituye una violaci\u00f3n de los derechos de autor, la ley de marcas comerciales u otros derechos de propiedad industrial.<\/p>\n<h3>Responsabilidad limitada<\/h3>\n<p>BAYER ha recopilado la informaci\u00f3n detallada proporcionada en este sitio web a partir de fuentes internas y externas seg\u00fan su leal saber y entender, utilizando la diligencia profesional. Nos esforzamos por ampliar y actualizar esta gama de informaci\u00f3n de forma continua. La informaci\u00f3n de este sitio web tiene como \u00fanico fin presentar a BAYER y sus productos y servicios. Sin embargo, no se hace ninguna declaraci\u00f3n ni se da garant\u00eda, ni expresa ni t\u00e1cita, de la integridad o exactitud de la informaci\u00f3n de este sitio web. Tenga en cuenta que esta informaci\u00f3n, aunque sea precisa el d\u00eda de su publicaci\u00f3n, puede no estar actualizada. Por lo tanto, le recomendamos que compruebe cualquier informaci\u00f3n que obtenga de este sitio web antes de utilizarla en cualquier forma. Los consejos que se dan en este sitio web no le eximen de realizar sus propias comprobaciones sobre nuestros \u00faltimos consejos, en particular nuestras hojas de datos de seguridad y especificaciones t\u00e9cnicas, y sobre nuestros productos, con vistas a su idoneidad para los procesos y fines previstos. Si necesita alg\u00fan consejo o instrucciones sobre nuestros productos o servicios, p\u00f3ngase en contacto con nosotros directamente. Los usuarios de este sitio web declaran que aceptan acceder al sitio web y a su contenido por su propia cuenta y riesgo. Ni BAYER ni terceros involucrados en la redacci\u00f3n, producci\u00f3n o transmisi\u00f3n de este sitio web podr\u00e1n ser considerados responsables de los da\u00f1os o lesiones resultantes del acceso o la imposibilidad de acceso o del uso o la imposibilidad de uso de este sitio web o del hecho de que usted haya confiado en la informaci\u00f3n proporcionada en este sitio web.<\/p>\n<h3>Sitios web de proveedores externos\/enlaces<\/h3>\n<p>Este sitio web contiene enlaces\/referencias a sitios web de terceros. Al proporcionar dichos enlaces, BAYER no da su aprobaci\u00f3n a sus contenidos. BAYER tampoco acepta ninguna responsabilidad por la disponibilidad o el contenido de dichos sitios web ni ninguna responsabilidad por los da\u00f1os o lesiones resultantes del uso de dichos contenidos, de cualquier forma. BAYER no ofrece garant\u00eda alguna de que las p\u00e1ginas enlazadas proporcionen informaci\u00f3n de calidad constante. Los enlaces a otros sitios web se proporcionan a los usuarios del sitio web simplemente por conveniencia. Los usuarios acceden a dichos sitios web por su propia cuenta y riesgo. La elecci\u00f3n de enlaces no debe restringir de ninguna manera a los usuarios a las p\u00e1ginas enlazadas.<\/p>\n<h3>Datos facilitados por usted<\/h3>\n<p>El usuario de este sitio web es totalmente responsable del contenido y la exactitud de los datos que env\u00ede a BAYER, as\u00ed como de la no violaci\u00f3n de los derechos de terceros que puedan estar implicados en dichos datos. El usuario da su consentimiento para que BAYER almacene dichos datos y los utilice con fines de an\u00e1lisis estad\u00edstico o para cualquier otro fin comercial espec\u00edfico, a menos que la informaci\u00f3n incluya datos personales, que vayan m\u00e1s all\u00e1 de los datos maestros o los datos de uso seg\u00fan se definen en las secciones 14 y 15 de la Ley alemana de medios de comunicaci\u00f3n (Telemediengesetz). En particular, BAYER tiene derecho a utilizar el contenido de dichos mensajes, incluidas las ideas, inventos, planos, t\u00e9cnicas y conocimientos t\u00e9cnicos incluidos en ellos, para cualquier fin, como el desarrollo, la producci\u00f3n y\/o la comercializaci\u00f3n de productos o servicios, y a reproducir dicha informaci\u00f3n y ponerla a disposici\u00f3n de terceros sin ninguna limitaci\u00f3n.<\/p>\n<h3>Usuarios internacionales<\/h3>\n<p>Este sitio web es revisado, operado y actualizado por BAYER en Leverkusen, Alemania. Est\u00e1 destinado a un uso internacional. Sin embargo, BAYER no garantiza que los datos presentados en este sitio web sean correctos en todo el mundo y, en particular, que los productos y servicios est\u00e9n disponibles con el mismo aspecto, en los mismos tama\u00f1os o en las mismas condiciones en todo el mundo. Si accede a este sitio web o descarga contenido, tenga en cuenta que es su propia responsabilidad asegurarse de actuar de conformidad con la legislaci\u00f3n local aplicable en ese lugar.<\/p>\n<p>Los productos mencionados en este sitio web pueden venir en diferentes envases, en diferentes tama\u00f1os de paquete o con diferentes letras o marcas, seg\u00fan el pa\u00eds.<\/p>\n<p>En los EE. UU., las actividades comerciales las realiza Bayer Corporation. Se solicita a los clientes de los EE. UU. que se dirijan a esta entidad.<\/p>\n<h3>Venta de productos BAYER<\/h3>\n<p>Nuestros productos se venden de acuerdo con la versi\u00f3n actual de nuestras Condiciones generales de venta y entrega.<\/p>\n<h3><strong>Ley aplicable<\/strong><\/h3>\n<p>Cualquier reclamaci\u00f3n legal o demanda relacionada con este sitio web o su uso est\u00e1 sujeta a la interpretaci\u00f3n de las leyes de la Rep\u00fablica Federal de Alemania, con excepci\u00f3n de las disposiciones del derecho internacional privado y de la Convenci\u00f3n de La Haya relativa a una Ley uniforme sobre la compraventa internacional de mercader\u00edas del 1 de julio de 1964 y de la Convenci\u00f3n de las Naciones Unidas sobre Compraventa del 11 de abril de 1980.<\/p>\n<h3>Declaraciones prospectivas<\/h3>\n<p>Este sitio web puede contener declaraciones prospectivas basadas en suposiciones y previsiones actuales realizadas por la direcci\u00f3n de Bayer. Diversos riesgos conocidos y desconocidos, incertidumbres y otros factores podr\u00edan dar lugar a diferencias materiales entre los resultados futuros reales, la situaci\u00f3n financiera, el desarrollo o el rendimiento de la empresa y las estimaciones que se ofrecen aqu\u00ed. Estos factores incluyen los que se analizan en los informes p\u00fablicos de Bayer, que est\u00e1n disponibles en el sitio web de Bayer en www.bayer.com. La empresa no asume ninguna responsabilidad de actualizar estas declaraciones prospectivas o de adaptarlas a eventos o desarrollos futuros.<\/p>\n[\/vc_column_text][divider line_type=\u00bbNo Line\u00bb custom_height=\u00bb66&#8243;][\/vc_column][\/vc_row]\n","protected":false},"excerpt":{"rendered":"<p>[vc_row type=\u00bbin_container\u00bb full_screen_row_position=\u00bbmiddle\u00bb column_margin=\u00bbdefault\u00bb column_direction=\u00bbdefault\u00bb column_direction_tablet=\u00bbdefault\u00bb column_direction_phone=\u00bbdefault\u00bb scene_position=\u00bbcenter\u00bb text_color=\u00bbdark\u00bb text_align=\u00bbleft\u00bb row_border_radius=\u00bbnone\u00bb row_border_radius_applies=\u00bbbg\u00bb overflow=\u00bbvisible\u00bb overlay_strength=\u00bb0.3&#8243; gradient_direction=\u00bbleft_to_right\u00bb shape_divider_position=\u00bbbottom\u00bb bg_image_animation=\u00bbnone\u00bb][vc_column column_padding=\u00bbno-extra-padding\u00bb column_padding_tablet=\u00bbinherit\u00bb column_padding_phone=\u00bbinherit\u00bb column_padding_position=\u00bball\u00bb column_element_direction_desktop=\u00bbdefault\u00bb column_element_spacing=\u00bbdefault\u00bb desktop_text_alignment=\u00bbdefault\u00bb tablet_text_alignment=\u00bbdefault\u00bb phone_text_alignment=\u00bbdefault\u00bb background_color_opacity=\u00bb1&#8243; background_hover_color_opacity=\u00bb1&#8243; column_backdrop_filter=\u00bbnone\u00bb column_shadow=\u00bbnone\u00bb&#8230;<\/p>\n","protected":false},"author":1,"featured_media":0,"parent":0,"menu_order":0,"comment_status":"closed","ping_status":"closed","template":"","meta":{"footnotes":""},"class_list":["post-151","page","type-page","status-publish"],"_links":{"self":[{"href":"http:\/\/www.bayerdigital.com.mx\/prueba\/wp-json\/wp\/v2\/pages\/151","targetHints":{"allow":["GET"]}}],"collection":[{"href":"http:\/\/www.bayerdigital.com.mx\/prueba\/wp-json\/wp\/v2\/pages"}],"about":[{"href":"http:\/\/www.bayerdigital.com.mx\/prueba\/wp-json\/wp\/v2\/types\/page"}],"author":[{"embeddable":true,"href":"http:\/\/www.bayerdigital.com.mx\/prueba\/wp-json\/wp\/v2\/users\/1"}],"replies":[{"embeddable":true,"href":"http:\/\/www.bayerdigital.com.mx\/prueba\/wp-json\/wp\/v2\/comments?post=151"}],"version-history":[{"count":12,"href":"http:\/\/www.bayerdigital.com.mx\/prueba\/wp-json\/wp\/v2\/pages\/151\/revisions"}],"predecessor-version":[{"id":290,"href":"http:\/\/www.bayerdigital.com.mx\/prueba\/wp-json\/wp\/v2\/pages\/151\/revisions\/290"}],"wp:attachment":[{"href":"http:\/\/www.bayerdigital.com.mx\/prueba\/wp-json\/wp\/v2\/media?parent=151"}],"curies":[{"name":"wp","href":"https:\/\/api.w.org\/{rel}","templated":true}]}}