{"id":291,"date":"2024-10-12T12:24:19","date_gmt":"2024-10-12T18:24:19","guid":{"rendered":"http:\/\/www.bayerdigital.com.mx\/prueba\/?page_id=291"},"modified":"2024-10-12T12:24:19","modified_gmt":"2024-10-12T18:24:19","slug":"terminos-y-condiciones","status":"publish","type":"page","link":"http:\/\/www.bayerdigital.com.mx\/prueba\/terminos-y-condiciones\/","title":{"rendered":"T\u00e9rminos y Condiciones"},"content":{"rendered":"[vc_row type=\u00bbin_container\u00bb full_screen_row_position=\u00bbmiddle\u00bb column_margin=\u00bbdefault\u00bb column_direction=\u00bbdefault\u00bb column_direction_tablet=\u00bbdefault\u00bb column_direction_phone=\u00bbdefault\u00bb scene_position=\u00bbcenter\u00bb text_color=\u00bbdark\u00bb text_align=\u00bbleft\u00bb row_border_radius=\u00bbnone\u00bb row_border_radius_applies=\u00bbbg\u00bb overflow=\u00bbvisible\u00bb overlay_strength=\u00bb0.3&#8243; gradient_direction=\u00bbleft_to_right\u00bb shape_divider_position=\u00bbbottom\u00bb bg_image_animation=\u00bbnone\u00bb][vc_column column_padding=\u00bbno-extra-padding\u00bb column_padding_tablet=\u00bbinherit\u00bb column_padding_phone=\u00bbinherit\u00bb column_padding_position=\u00bball\u00bb column_element_direction_desktop=\u00bbdefault\u00bb column_element_spacing=\u00bbdefault\u00bb desktop_text_alignment=\u00bbdefault\u00bb tablet_text_alignment=\u00bbdefault\u00bb phone_text_alignment=\u00bbdefault\u00bb background_color_opacity=\u00bb1&#8243; background_hover_color_opacity=\u00bb1&#8243; column_backdrop_filter=\u00bbnone\u00bb column_shadow=\u00bbnone\u00bb column_border_radius=\u00bbnone\u00bb column_link_target=\u00bb_self\u00bb column_position=\u00bbdefault\u00bb gradient_direction=\u00bbleft_to_right\u00bb overlay_strength=\u00bb0.3&#8243; width=\u00bb1\/1&#8243; tablet_width_inherit=\u00bbdefault\u00bb animation_type=\u00bbdefault\u00bb bg_image_animation=\u00bbnone\u00bb border_type=\u00bbsimple\u00bb column_border_width=\u00bbnone\u00bb column_border_style=\u00bbsolid\u00bb][divider line_type=\u00bbNo Line\u00bb custom_height=\u00bb12&#8243;][nectar_responsive_text font_size_min=\u00bb18&#8243; font_size_max=\u00bb30&#8243; text_direction=\u00bbdefault\u00bb]\n<p style=\"text-align: center;\"><span style=\"font-size: 32pt;\"><span style=\"font-size: 36pt;\">T<\/span><span style=\"font-size: 32pt;\">\u00c9RMINOS Y <span style=\"font-size: 36pt;\">C<\/span>ONDICIONES<\/span><\/span><\/p>\n[\/nectar_responsive_text][divider line_type=\u00bbNo Line\u00bb custom_height=\u00bb12&#8243;][vc_column_text css_animation=\u00bbslideInUp\u00bb css=\u00bb\u00bb text_direction=\u00bbdefault\u00bb]\n<h3><strong>Condiciones de uso<\/strong><\/h3>\n<p>El acceso y uso de este sitio web est\u00e1n sujetos a las siguientes condiciones. No utilice este sitio web a menos que est\u00e9 de acuerdo con ellas. Este sitio web ha sido desarrollado por Bayer AG (en adelante, BAYER) y es administrado por la misma. Nos reservamos el derecho de interrumpir o realizar modificaciones parciales o totales en este sitio web o en las Condiciones generales de uso, en nuestros T\u00e9rminos y condiciones generales y en nuestras Condiciones de venta y entrega. Tenga en cuenta que podemos realizar dichos cambios a nuestra propia discreci\u00f3n y sin previo aviso. Por lo tanto, le rogamos que, la pr\u00f3xima vez que visite este sitio web, vuelva a consultar las condiciones y tome nota de los cambios o modificaciones que se hayan realizado.<\/p>\n<h3>Renuncia al uso y al beneficio<\/h3>\n<p>Todos los detalles, documentos e ilustraciones publicados en este sitio web son propiedad exclusiva de BAYER. El permiso para utilizarlos se concede siempre que se incluya la nota de copyright correspondiente en todas las copias, que dichos datos se utilicen \u00fanicamente con fines personales, que no se exploten con fines comerciales, que no se modifiquen de ning\u00fan modo y que todas las ilustraciones obtenidas del sitio web se utilicen \u00fanicamente en combinaci\u00f3n con el texto que las acompa\u00f1a.<\/p>\n<p>No obstante lo anterior, para la descarga de infograf\u00edas en http:\/\/www.research.bayer.com se aplica lo siguiente: Se permite el uso sin fines lucrativos mencionando \u00abresearch \u2013 la revista cient\u00edfica de Bayer\u00bb como fuente. Se proh\u00edbe la reventa a terceros.<\/p>\n<h3>Marcas comerciales y derechos de autor<\/h3>\n<p>Todas las marcas comerciales de este sitio web son propiedad de Bayer, a menos que se indique lo contrario o se considere de alg\u00fan otro modo que son derechos de terceros. Cualquier uso no autorizado de estas marcas comerciales u otros materiales est\u00e1 expresamente prohibido y constituye una violaci\u00f3n de los derechos de autor, la ley de marcas comerciales u otros derechos de propiedad industrial.<\/p>\n<h3>Responsabilidad limitada<\/h3>\n<p>BAYER ha recopilado la informaci\u00f3n detallada proporcionada en este sitio web a partir de fuentes internas y externas seg\u00fan su leal saber y entender, utilizando la diligencia profesional. Nos esforzamos por ampliar y actualizar esta gama de informaci\u00f3n de forma continua. La informaci\u00f3n de este sitio web tiene como \u00fanico fin presentar a BAYER y sus productos y servicios. Sin embargo, no se hace ninguna declaraci\u00f3n ni se da garant\u00eda, ni expresa ni t\u00e1cita, de la integridad o exactitud de la informaci\u00f3n de este sitio web. Tenga en cuenta que esta informaci\u00f3n, aunque sea precisa el d\u00eda de su publicaci\u00f3n, puede no estar actualizada. Por lo tanto, le recomendamos que compruebe cualquier informaci\u00f3n que obtenga de este sitio web antes de utilizarla en cualquier forma. Los consejos que se dan en este sitio web no le eximen de realizar sus propias comprobaciones sobre nuestros \u00faltimos consejos, en particular nuestras hojas de datos de seguridad y especificaciones t\u00e9cnicas, y sobre nuestros productos, con vistas a su idoneidad para los procesos y fines previstos. Si necesita alg\u00fan consejo o instrucciones sobre nuestros productos o servicios, p\u00f3ngase en contacto con nosotros directamente. Los usuarios de este sitio web declaran que aceptan acceder al sitio web y a su contenido por su propia cuenta y riesgo. Ni BAYER ni terceros involucrados en la redacci\u00f3n, producci\u00f3n o transmisi\u00f3n de este sitio web podr\u00e1n ser considerados responsables de los da\u00f1os o lesiones resultantes del acceso o la imposibilidad de acceso o del uso o la imposibilidad de uso de este sitio web o del hecho de que usted haya confiado en la informaci\u00f3n proporcionada en este sitio web.<\/p>\n<h3>Sitios web de proveedores externos\/enlaces<\/h3>\n<p>Este sitio web contiene enlaces\/referencias a sitios web de terceros. Al proporcionar dichos enlaces, BAYER no da su aprobaci\u00f3n a sus contenidos. BAYER tampoco acepta ninguna responsabilidad por la disponibilidad o el contenido de dichos sitios web ni ninguna responsabilidad por los da\u00f1os o lesiones resultantes del uso de dichos contenidos, de cualquier forma. BAYER no ofrece garant\u00eda alguna de que las p\u00e1ginas enlazadas proporcionen informaci\u00f3n de calidad constante. Los enlaces a otros sitios web se proporcionan a los usuarios del sitio web simplemente por conveniencia. Los usuarios acceden a dichos sitios web por su propia cuenta y riesgo. La elecci\u00f3n de enlaces no debe restringir de ninguna manera a los usuarios a las p\u00e1ginas enlazadas.<\/p>\n<h3>Datos facilitados por usted<\/h3>\n<p>El usuario de este sitio web es totalmente responsable del contenido y la exactitud de los datos que env\u00ede a BAYER, as\u00ed como de la no violaci\u00f3n de los derechos de terceros que puedan estar implicados en dichos datos. El usuario da su consentimiento para que BAYER almacene dichos datos y los utilice con fines de an\u00e1lisis estad\u00edstico o para cualquier otro fin comercial espec\u00edfico, a menos que la informaci\u00f3n incluya datos personales, que vayan m\u00e1s all\u00e1 de los datos maestros o los datos de uso seg\u00fan se definen en las secciones 14 y 15 de la Ley alemana de medios de comunicaci\u00f3n (Telemediengesetz). En particular, BAYER tiene derecho a utilizar el contenido de dichos mensajes, incluidas las ideas, inventos, planos, t\u00e9cnicas y conocimientos t\u00e9cnicos incluidos en ellos, para cualquier fin, como el desarrollo, la producci\u00f3n y\/o la comercializaci\u00f3n de productos o servicios, y a reproducir dicha informaci\u00f3n y ponerla a disposici\u00f3n de terceros sin ninguna limitaci\u00f3n.<\/p>\n<h3>Usuarios internacionales<\/h3>\n<p>Este sitio web es revisado, operado y actualizado por BAYER en Leverkusen, Alemania. Est\u00e1 destinado a un uso internacional. Sin embargo, BAYER no garantiza que los datos presentados en este sitio web sean correctos en todo el mundo y, en particular, que los productos y servicios est\u00e9n disponibles con el mismo aspecto, en los mismos tama\u00f1os o en las mismas condiciones en todo el mundo. Si accede a este sitio web o descarga contenido, tenga en cuenta que es su propia responsabilidad asegurarse de actuar de conformidad con la legislaci\u00f3n local aplicable en ese lugar.<\/p>\n<p>Los productos mencionados en este sitio web pueden venir en diferentes envases, en diferentes tama\u00f1os de paquete o con diferentes letras o marcas, seg\u00fan el pa\u00eds.<\/p>\n<p>En los EE. UU., las actividades comerciales las realiza Bayer Corporation. Se solicita a los clientes de los EE. UU. que se dirijan a esta entidad.<\/p>\n<h3>Venta de productos BAYER<\/h3>\n<p>Nuestros productos se venden de acuerdo con la versi\u00f3n actual de nuestras Condiciones generales de venta y entrega.<\/p>\n<h3><strong>Ley aplicable<\/strong><\/h3>\n<p>Cualquier reclamaci\u00f3n legal o demanda relacionada con este sitio web o su uso est\u00e1 sujeta a la interpretaci\u00f3n de las leyes de la Rep\u00fablica Federal de Alemania, con excepci\u00f3n de las disposiciones del derecho internacional privado y de la Convenci\u00f3n de La Haya relativa a una Ley uniforme sobre la compraventa internacional de mercader\u00edas del 1 de julio de 1964 y de la Convenci\u00f3n de las Naciones Unidas sobre Compraventa del 11 de abril de 1980.<\/p>\n<h3>Declaraciones prospectivas<\/h3>\n<p>Este sitio web puede contener declaraciones prospectivas basadas en suposiciones y previsiones actuales realizadas por la direcci\u00f3n de Bayer. Diversos riesgos conocidos y desconocidos, incertidumbres y otros factores podr\u00edan dar lugar a diferencias materiales entre los resultados futuros reales, la situaci\u00f3n financiera, el desarrollo o el rendimiento de la empresa y las estimaciones que se ofrecen aqu\u00ed. Estos factores incluyen los que se analizan en los informes p\u00fablicos de Bayer, que est\u00e1n disponibles en el sitio web de Bayer en www.bayer.com. La empresa no asume ninguna responsabilidad de actualizar estas declaraciones prospectivas o de adaptarlas a eventos o desarrollos futuros.<\/p>\n[\/vc_column_text][divider line_type=\u00bbNo Line\u00bb custom_height=\u00bb66&#8243;][\/vc_column][\/vc_row]\n","protected":false},"excerpt":{"rendered":"<p>[vc_row type=\u00bbin_container\u00bb full_screen_row_position=\u00bbmiddle\u00bb column_margin=\u00bbdefault\u00bb column_direction=\u00bbdefault\u00bb column_direction_tablet=\u00bbdefault\u00bb column_direction_phone=\u00bbdefault\u00bb scene_position=\u00bbcenter\u00bb text_color=\u00bbdark\u00bb text_align=\u00bbleft\u00bb row_border_radius=\u00bbnone\u00bb row_border_radius_applies=\u00bbbg\u00bb overflow=\u00bbvisible\u00bb overlay_strength=\u00bb0.3&#8243; gradient_direction=\u00bbleft_to_right\u00bb shape_divider_position=\u00bbbottom\u00bb bg_image_animation=\u00bbnone\u00bb][vc_column column_padding=\u00bbno-extra-padding\u00bb column_padding_tablet=\u00bbinherit\u00bb column_padding_phone=\u00bbinherit\u00bb column_padding_position=\u00bball\u00bb column_element_direction_desktop=\u00bbdefault\u00bb column_element_spacing=\u00bbdefault\u00bb desktop_text_alignment=\u00bbdefault\u00bb tablet_text_alignment=\u00bbdefault\u00bb phone_text_alignment=\u00bbdefault\u00bb background_color_opacity=\u00bb1&#8243; background_hover_color_opacity=\u00bb1&#8243; column_backdrop_filter=\u00bbnone\u00bb column_shadow=\u00bbnone\u00bb&#8230;<\/p>\n","protected":false},"author":1,"featured_media":0,"parent":0,"menu_order":0,"comment_status":"closed","ping_status":"closed","template":"","meta":{"footnotes":""},"class_list":["post-291","page","type-page","status-publish"],"_links":{"self":[{"href":"http:\/\/www.bayerdigital.com.mx\/prueba\/wp-json\/wp\/v2\/pages\/291","targetHints":{"allow":["GET"]}}],"collection":[{"href":"http:\/\/www.bayerdigital.com.mx\/prueba\/wp-json\/wp\/v2\/pages"}],"about":[{"href":"http:\/\/www.bayerdigital.com.mx\/prueba\/wp-json\/wp\/v2\/types\/page"}],"author":[{"embeddable":true,"href":"http:\/\/www.bayerdigital.com.mx\/prueba\/wp-json\/wp\/v2\/users\/1"}],"replies":[{"embeddable":true,"href":"http:\/\/www.bayerdigital.com.mx\/prueba\/wp-json\/wp\/v2\/comments?post=291"}],"version-history":[{"count":1,"href":"http:\/\/www.bayerdigital.com.mx\/prueba\/wp-json\/wp\/v2\/pages\/291\/revisions"}],"predecessor-version":[{"id":292,"href":"http:\/\/www.bayerdigital.com.mx\/prueba\/wp-json\/wp\/v2\/pages\/291\/revisions\/292"}],"wp:attachment":[{"href":"http:\/\/www.bayerdigital.com.mx\/prueba\/wp-json\/wp\/v2\/media?parent=291"}],"curies":[{"name":"wp","href":"https:\/\/api.w.org\/{rel}","templated":true}]}}